{"id":9,"date":"2020-03-09T16:20:20","date_gmt":"2020-03-09T16:20:20","guid":{"rendered":"http:\/\/c3.usac.edu.gt\/iies.usac.edu.gt\/public_html2\/?page_id=9"},"modified":"2023-06-23T18:24:47","modified_gmt":"2023-06-23T18:24:47","slug":"mision-y-vision","status":"publish","type":"page","link":"https:\/\/iies.usac.edu.gt\/index.php\/mision-y-vision\/","title":{"rendered":"Misi\u00f3n y Visi\u00f3n"},"content":{"rendered":"\n<p class=\"has-very-light-gray-color has-luminous-vivid-orange-background-color has-text-color has-background has-medium-font-size\"><strong>Misi\u00f3n<\/strong><\/p>\n\n\n\n<p>Somos la dependencia de la Universidad de San Carlos de Guatemala encargada de realizar estudios e investigaciones de la realidad econ\u00f3mica y social, con la finalidad de proponer alternativas de soluci\u00f3n a la problem\u00e1tica socioecon\u00f3mica del pa\u00eds, espec\u00edficamente aquella que se relaciona con las dificultades en que se encuentra la mayor\u00eda de guatemaltecos para reproducir sus condiciones materiales y espirituales de vida.<\/p>\n\n\n\n<p class=\"has-very-light-gray-color has-luminous-vivid-orange-background-color has-text-color has-background has-medium-font-size\"><strong>Visi\u00f3n<\/strong><\/p>\n\n\n\n<p>Ser la instituci\u00f3n de la Universidad de San Carlos de Guatemala l\u00edder en la investigaci\u00f3n econ\u00f3mica y social, realizando su labor apegada a los principios \u00e9ticos, cient\u00edficos y comprendida con el progreso social que caracteriza a la investigaci\u00f3n objetiva, con proyecci\u00f3n en los distintos \u00e1mbitos que demanda la sociedad guatemalteca, para contribuir de manera efectiva a su desarrollo econ\u00f3mico y social.<\/p>\n","protected":false},"excerpt":{"rendered":"<p>Misi\u00f3n Somos la dependencia de la Universidad de San Carlos de Guatemala encargada de realizar estudios e investigaciones de la realidad econ\u00f3mica y social, con la finalidad de proponer alternativas de soluci\u00f3n a la problem\u00e1tica socioecon\u00f3mica del pa\u00eds, espec\u00edficamente aquella que se relaciona con las dificultades en que se encuentra la mayor\u00eda de guatemaltecos para [&hellip;]<\/p>\n","protected":false},"author":1,"featured_media":0,"parent":0,"menu_order":0,"comment_status":"closed","ping_status":"closed","template":"","meta":[],"_links":{"self":[{"href":"https:\/\/iies.usac.edu.gt\/index.php\/wp-json\/wp\/v2\/pages\/9"}],"collection":[{"href":"https:\/\/iies.usac.edu.gt\/index.php\/wp-json\/wp\/v2\/pages"}],"about":[{"href":"https:\/\/iies.usac.edu.gt\/index.php\/wp-json\/wp\/v2\/types\/page"}],"author":[{"embeddable":true,"href":"https:\/\/iies.usac.edu.gt\/index.php\/wp-json\/wp\/v2\/users\/1"}],"replies":[{"embeddable":true,"href":"https:\/\/iies.usac.edu.gt\/index.php\/wp-json\/wp\/v2\/comments?post=9"}],"version-history":[{"count":3,"href":"https:\/\/iies.usac.edu.gt\/index.php\/wp-json\/wp\/v2\/pages\/9\/revisions"}],"predecessor-version":[{"id":1703,"href":"https:\/\/iies.usac.edu.gt\/index.php\/wp-json\/wp\/v2\/pages\/9\/revisions\/1703"}],"wp:attachment":[{"href":"https:\/\/iies.usac.edu.gt\/index.php\/wp-json\/wp\/v2\/media?parent=9"}],"curies":[{"name":"wp","href":"https:\/\/api.w.org\/{rel}","templated":true}]}}