{"id":210,"date":"2020-07-21T18:47:49","date_gmt":"2020-07-21T18:47:49","guid":{"rendered":"http:\/\/c3.usac.edu.gt\/iies.usac.edu.gt\/public_html2\/?page_id=210"},"modified":"2024-08-16T15:47:41","modified_gmt":"2024-08-16T15:47:41","slug":"revistas","status":"publish","type":"page","link":"https:\/\/iies.usac.edu.gt\/index.php\/revistas\/","title":{"rendered":"Revistas"},"content":{"rendered":"\n<p class=\"has-very-light-gray-color has-text-color has-background\" style=\"background-color:#061e67\">La  Revista  Econom\u00eda  del Instituto  de Investigaciones  Econ\u00f3micas y Sociales (IIES) es una publicaci\u00f3n trimestral, en las cuales se plasman las investigaciones en los campos econ\u00f3mico y social, con la finalidad b\u00e1sica de proponer alternativas de soluci\u00f3n a la problem\u00e1tica socioecon\u00f3mica del pa\u00eds.<\/p>\n\n\n\n<hr class=\"wp-block-separator has-css-opacity is-style-wide\"\/>\n\n\n\n<h2 class=\"wp-block-heading has-text-align-center has-luminous-vivid-orange-color has-text-color\">SUSCRIPCI\u00d3N REVISTA ECONOM\u00cdA<\/h2>\n\n\n\n<p class=\"has-very-light-gray-color has-text-color has-background\" style=\"background-color:#ff7f00\">La suscripci\u00f3n de la Revista Econom\u00eda tiene un valor de sesenta quetzales (Q.60.00) anuales, incluye 4 Revistas Econom\u00eda las cuales son trimestrales y adicionalmente 11 boletines \u00abEconom\u00eda al d\u00eda\u00bb. El precio por unidad de la Revista Econom\u00eda es de veinte quetzales (Q.20.00), los boletines son gratuitos. <br><br>Para suscribirse puede visitar el Edificio S6, tercer nivel, oficina 301, Ciudad Universitaria, zona 12, en horario de atenci\u00f3n de 08:30 a 16:30, de lunes a viernes o puede comunicarse al tel\u00e9fono 24188523 extensi\u00f3n 85198 o v\u00eda Inbox por Facebook. <\/p>\n\n\n<div class=\"wp-block-image\">\n<figure class=\"aligncenter size-large is-resized\"><img decoding=\"async\" loading=\"lazy\" src=\"http:\/\/c3.usac.edu.gt\/iies.usac.edu.gt\/public_html2\/wp-content\/uploads\/2020\/07\/Portada-Revista-Econom\u00eda-No.-223-2020.jpg\" alt=\"\" class=\"wp-image-264\" width=\"314\" height=\"415\" srcset=\"https:\/\/iies.usac.edu.gt\/wp-content\/uploads\/2020\/07\/Portada-Revista-Econom\u00eda-No.-223-2020.jpg 628w, https:\/\/iies.usac.edu.gt\/wp-content\/uploads\/2020\/07\/Portada-Revista-Econom\u00eda-No.-223-2020-227x300.jpg 227w\" sizes=\"(max-width: 314px) 100vw, 314px\" \/><\/figure><\/div>\n\n\n<hr class=\"wp-block-separator has-css-opacity is-style-wide\"\/>\n\n\n\n<p>Para una copia impresa de los boletines, revistas y cualquier otra publicaci\u00f3n deben dirigirse a:<br><br>Instituto de Investigaciones Econ\u00f3micas y Sociales (IIES)<br>Edificio S6, tercer nivel, oficina 301, Ciudad Universitaria, Zona 12<br>Tel\u00e9fono: 2418-8523 extensi\u00f3n 85198<br>e-mail: iies@usac.edu.gt<br>Apartado Postal 55-B<br>Guatemala, Am\u00e9rica Central<\/p>\n\n\n\n<hr class=\"wp-block-separator has-css-opacity is-style-wide\"\/>\n\n\n\n<p class=\"has-text-align-center has-very-light-gray-background-color has-background\"><em>Los art\u00edculos firmados son de la responsabilidad exclusiva de sus autores.<br>Los materiales de los boletines y revistas pueden ser utilizados libremente, cit\u00e1ndose la fuente.<\/em><\/p>\n\n\n\n<hr class=\"wp-block-separator has-css-opacity is-style-wide\"\/>\n\n\n\n<div class=\"wp-block-buttons is-content-justification-center is-layout-flex wp-container-1\">\n<div class=\"wp-block-button\"><a class=\"wp-block-button__link has-background wp-element-button\" href=\"https:\/\/iies.usac.edu.gt\/index.php\/category\/revistas\/\" style=\"background-color:#ff7f00\">Ver todas las Revistas<\/a><\/div>\n<\/div>\n\n\n\n<p><\/p>\n","protected":false},"excerpt":{"rendered":"<p>La Revista Econom\u00eda del Instituto de Investigaciones Econ\u00f3micas y Sociales (IIES) es una publicaci\u00f3n trimestral, en las cuales se plasman las investigaciones en los campos econ\u00f3mico y social, con la finalidad b\u00e1sica de proponer alternativas de soluci\u00f3n a la problem\u00e1tica socioecon\u00f3mica del pa\u00eds. SUSCRIPCI\u00d3N REVISTA ECONOM\u00cdA La suscripci\u00f3n de la Revista Econom\u00eda tiene un valor [&hellip;]<\/p>\n","protected":false},"author":1,"featured_media":204,"parent":0,"menu_order":0,"comment_status":"closed","ping_status":"closed","template":"","meta":[],"_links":{"self":[{"href":"https:\/\/iies.usac.edu.gt\/index.php\/wp-json\/wp\/v2\/pages\/210"}],"collection":[{"href":"https:\/\/iies.usac.edu.gt\/index.php\/wp-json\/wp\/v2\/pages"}],"about":[{"href":"https:\/\/iies.usac.edu.gt\/index.php\/wp-json\/wp\/v2\/types\/page"}],"author":[{"embeddable":true,"href":"https:\/\/iies.usac.edu.gt\/index.php\/wp-json\/wp\/v2\/users\/1"}],"replies":[{"embeddable":true,"href":"https:\/\/iies.usac.edu.gt\/index.php\/wp-json\/wp\/v2\/comments?post=210"}],"version-history":[{"count":8,"href":"https:\/\/iies.usac.edu.gt\/index.php\/wp-json\/wp\/v2\/pages\/210\/revisions"}],"predecessor-version":[{"id":1924,"href":"https:\/\/iies.usac.edu.gt\/index.php\/wp-json\/wp\/v2\/pages\/210\/revisions\/1924"}],"wp:featuredmedia":[{"embeddable":true,"href":"https:\/\/iies.usac.edu.gt\/index.php\/wp-json\/wp\/v2\/media\/204"}],"wp:attachment":[{"href":"https:\/\/iies.usac.edu.gt\/index.php\/wp-json\/wp\/v2\/media?parent=210"}],"curies":[{"name":"wp","href":"https:\/\/api.w.org\/{rel}","templated":true}]}}