{"id":201,"date":"2020-07-21T18:40:39","date_gmt":"2020-07-21T18:40:39","guid":{"rendered":"http:\/\/c3.usac.edu.gt\/iies.usac.edu.gt\/public_html2\/?page_id=201"},"modified":"2024-08-16T15:49:05","modified_gmt":"2024-08-16T15:49:05","slug":"boletines","status":"publish","type":"page","link":"https:\/\/iies.usac.edu.gt\/index.php\/boletines\/","title":{"rendered":"Boletines"},"content":{"rendered":"\n<p class=\"has-very-light-gray-color has-text-color has-background\" style=\"background-color:#061e67\">El bolet\u00edn \u00abEconom\u00eda al d\u00eda\u00bb del Instituto de Investigaciones Econ\u00f3micas y Sociales (IIES) es una publicaci\u00f3n mensual, en los cuales se plasman las investigaciones en los campos econ\u00f3mico y social, con la finalidad b\u00e1sica de proponer alternativas de soluci\u00f3n a la problem\u00e1tica socioecon\u00f3mica del pa\u00eds. <\/p>\n\n\n<div class=\"wp-block-image\">\n<figure class=\"aligncenter size-large is-resized\"><img decoding=\"async\" loading=\"lazy\" src=\"http:\/\/c3.usac.edu.gt\/iies.usac.edu.gt\/public_html2\/wp-content\/uploads\/2020\/07\/Portada-Home-Bol.-01-enero-2020.png\" alt=\"\" class=\"wp-image-290\" width=\"347\" height=\"458\" srcset=\"https:\/\/iies.usac.edu.gt\/wp-content\/uploads\/2020\/07\/Portada-Home-Bol.-01-enero-2020.png 463w, https:\/\/iies.usac.edu.gt\/wp-content\/uploads\/2020\/07\/Portada-Home-Bol.-01-enero-2020-227x300.png 227w\" sizes=\"(max-width: 347px) 100vw, 347px\" \/><\/figure><\/div>\n\n\n<p>Para una copia impresa de los boletines, revistas y cualquier otra publicaci\u00f3n deben dirigirse a:<br><br>Instituto de Investigaciones Econ\u00f3micas y Sociales (IIES)<br>Edificio S6, tercer nivel, oficina 301, Ciudad Universitaria, Zona 12<br>Tel\u00e9fono: 2418-8523 extensi\u00f3n 85198<br>e-mail: iies@usac.edu.gt<br>Apartado Postal 55-B<br>Guatemala, Am\u00e9rica Central<\/p>\n\n\n\n<hr class=\"wp-block-separator has-css-opacity is-style-wide\"\/>\n\n\n\n<p class=\"has-text-align-center has-very-light-gray-background-color has-background\"><em>Los art\u00edculos firmados son de la responsabilidad exclusiva de sus autores.<br>Los materiales de los boletines y revistas pueden ser utilizados libremente, cit\u00e1ndose la fuente.<\/em><\/p>\n\n\n\n<hr class=\"wp-block-separator has-css-opacity is-style-wide\"\/>\n\n\n\n<div class=\"wp-block-buttons is-content-justification-center is-layout-flex wp-container-1\">\n<div class=\"wp-block-button\"><a class=\"wp-block-button__link has-background wp-element-button\" href=\"https:\/\/iies.usac.edu.gt\/index.php\/category\/boletines\/\" style=\"background-color:#ff7f00\">Ver todos los Boletines<\/a><\/div>\n<\/div>\n\n\n\n<p><\/p>\n","protected":false},"excerpt":{"rendered":"<p>El bolet\u00edn \u00abEconom\u00eda al d\u00eda\u00bb del Instituto de Investigaciones Econ\u00f3micas y Sociales (IIES) es una publicaci\u00f3n mensual, en los cuales se plasman las investigaciones en los campos econ\u00f3mico y social, con la finalidad b\u00e1sica de proponer alternativas de soluci\u00f3n a la problem\u00e1tica socioecon\u00f3mica del pa\u00eds. Para una copia impresa de los boletines, revistas y cualquier [&hellip;]<\/p>\n","protected":false},"author":1,"featured_media":203,"parent":0,"menu_order":0,"comment_status":"closed","ping_status":"closed","template":"","meta":[],"_links":{"self":[{"href":"https:\/\/iies.usac.edu.gt\/index.php\/wp-json\/wp\/v2\/pages\/201"}],"collection":[{"href":"https:\/\/iies.usac.edu.gt\/index.php\/wp-json\/wp\/v2\/pages"}],"about":[{"href":"https:\/\/iies.usac.edu.gt\/index.php\/wp-json\/wp\/v2\/types\/page"}],"author":[{"embeddable":true,"href":"https:\/\/iies.usac.edu.gt\/index.php\/wp-json\/wp\/v2\/users\/1"}],"replies":[{"embeddable":true,"href":"https:\/\/iies.usac.edu.gt\/index.php\/wp-json\/wp\/v2\/comments?post=201"}],"version-history":[{"count":12,"href":"https:\/\/iies.usac.edu.gt\/index.php\/wp-json\/wp\/v2\/pages\/201\/revisions"}],"predecessor-version":[{"id":1925,"href":"https:\/\/iies.usac.edu.gt\/index.php\/wp-json\/wp\/v2\/pages\/201\/revisions\/1925"}],"wp:featuredmedia":[{"embeddable":true,"href":"https:\/\/iies.usac.edu.gt\/index.php\/wp-json\/wp\/v2\/media\/203"}],"wp:attachment":[{"href":"https:\/\/iies.usac.edu.gt\/index.php\/wp-json\/wp\/v2\/media?parent=201"}],"curies":[{"name":"wp","href":"https:\/\/api.w.org\/{rel}","templated":true}]}}