{"id":17,"date":"2020-03-09T16:23:40","date_gmt":"2020-03-09T16:23:40","guid":{"rendered":"http:\/\/c3.usac.edu.gt\/iies.usac.edu.gt\/public_html2\/?page_id=17"},"modified":"2020-07-23T00:43:35","modified_gmt":"2020-07-23T00:43:35","slug":"contacto","status":"publish","type":"page","link":"https:\/\/iies.usac.edu.gt\/index.php\/contacto\/","title":{"rendered":"Contacto"},"content":{"rendered":"\n<p>Instituto de Investigaciones Econ\u00f3micas y Sociales -IIES-<br>Facultad de Ciencias Econ\u00f3micas<br>Universidad de San Carlos de Guatemala<br>Direcci\u00f3n: Edificio S6, tercer nivel, Ciudad Universitaria, Zona 12<br>Tel\u00e9fono: 2418-8523<br>Correo Electr\u00f3nico: iies@usac.edu.gt<\/p>\n\n\n\n<p><\/p>\n\n\n\n<iframe loading=\"lazy\" src=\"https:\/\/www.google.com\/maps\/embed?pb=!1m18!1m12!1m3!1d965.3044910427872!2d-90.54961001185632!3d14.586652297238192!2m3!1f0!2f0!3f0!3m2!1i1024!2i768!4f13.1!3m3!1m2!1s0x8589a13e0b161bc7%3A0x2797735b6650a86a!2sInstituto%20De%20Investigacion%20Economicas%20Y%20Sociales%20IIES!5e0!3m2!1ses-419!2sgt!4v1583773155001!5m2!1ses-419!2sgt\" width=\"1200\" height=\"600\" frameborder=\"0\" style=\"border:0;\" allowfullscreen=\"\"><\/iframe>\n","protected":false},"excerpt":{"rendered":"<p>Instituto de Investigaciones Econ\u00f3micas y Sociales -IIES-Facultad de Ciencias Econ\u00f3micasUniversidad de San Carlos de GuatemalaDirecci\u00f3n: Edificio S6, tercer nivel, Ciudad Universitaria, Zona 12Tel\u00e9fono: 2418-8523Correo Electr\u00f3nico: iies@usac.edu.gt<\/p>\n","protected":false},"author":1,"featured_media":0,"parent":0,"menu_order":0,"comment_status":"closed","ping_status":"closed","template":"","meta":[],"_links":{"self":[{"href":"https:\/\/iies.usac.edu.gt\/index.php\/wp-json\/wp\/v2\/pages\/17"}],"collection":[{"href":"https:\/\/iies.usac.edu.gt\/index.php\/wp-json\/wp\/v2\/pages"}],"about":[{"href":"https:\/\/iies.usac.edu.gt\/index.php\/wp-json\/wp\/v2\/types\/page"}],"author":[{"embeddable":true,"href":"https:\/\/iies.usac.edu.gt\/index.php\/wp-json\/wp\/v2\/users\/1"}],"replies":[{"embeddable":true,"href":"https:\/\/iies.usac.edu.gt\/index.php\/wp-json\/wp\/v2\/comments?post=17"}],"version-history":[{"count":4,"href":"https:\/\/iies.usac.edu.gt\/index.php\/wp-json\/wp\/v2\/pages\/17\/revisions"}],"predecessor-version":[{"id":297,"href":"https:\/\/iies.usac.edu.gt\/index.php\/wp-json\/wp\/v2\/pages\/17\/revisions\/297"}],"wp:attachment":[{"href":"https:\/\/iies.usac.edu.gt\/index.php\/wp-json\/wp\/v2\/media?parent=17"}],"curies":[{"name":"wp","href":"https:\/\/api.w.org\/{rel}","templated":true}]}}