{"id":1372,"date":"2022-01-18T23:15:15","date_gmt":"2022-01-18T23:15:15","guid":{"rendered":"https:\/\/iies.usac.edu.gt\/?page_id=1372"},"modified":"2025-03-12T15:43:40","modified_gmt":"2025-03-12T15:43:40","slug":"manuales","status":"publish","type":"page","link":"https:\/\/iies.usac.edu.gt\/index.php\/manuales\/","title":{"rendered":"Manuales"},"content":{"rendered":"\n<p><\/p>\n\n\n\n<p class=\"has-very-light-gray-color has-luminous-vivid-orange-background-color has-text-color has-background\" style=\"font-size:18px\"><strong>MANUAL DE ORGANIZACI\u00d3N IIES<\/strong>, A\u00d1O 2021<br>(Versi\u00f3n actualizada, aprobada el 29 de noviembre de 2021).<\/p>\n\n\n<div class=\"wp-block-image\">\n<figure class=\"aligncenter size-large is-resized\"><img decoding=\"async\" loading=\"lazy\" src=\"https:\/\/iies.usac.edu.gt\/wp-content\/uploads\/2022\/04\/MANUAL-DE-ORGANIZACI\u00d3N-DEL-IIES-APROBADO-POR-JD-29-NOV-2021.png\" alt=\"\" class=\"wp-image-1455\" width=\"523\" height=\"541\" srcset=\"https:\/\/iies.usac.edu.gt\/wp-content\/uploads\/2022\/04\/MANUAL-DE-ORGANIZACI\u00d3N-DEL-IIES-APROBADO-POR-JD-29-NOV-2021.png 697w, https:\/\/iies.usac.edu.gt\/wp-content\/uploads\/2022\/04\/MANUAL-DE-ORGANIZACI\u00d3N-DEL-IIES-APROBADO-POR-JD-29-NOV-2021-290x300.png 290w\" sizes=\"(max-width: 523px) 100vw, 523px\" \/><\/figure><\/div>\n\n\n<div class=\"wp-block-buttons is-layout-flex\">\n<div class=\"wp-block-button\"><a class=\"wp-block-button__link has-vivid-red-background-color has-background wp-element-button\" href=\"https:\/\/iies.usac.edu.gt\/wp-content\/uploads\/2023\/01\/7.-INSTITUTO-DE-INVESTIGACIONES-ECONOMICAS-Y-SOCIALES-IIES-_MANUAL-DE-ORGANIZACION.pdf\" target=\"_blank\" rel=\"noreferrer noopener\">Descargar Manual en PDF<\/a><\/div>\n<\/div>\n\n\n\n<hr class=\"wp-block-separator has-alpha-channel-opacity\"\/>\n\n\n\n<p><\/p>\n\n\n\n<p class=\"has-white-color has-luminous-vivid-orange-background-color has-text-color has-background\" style=\"font-size:18px\"><strong>MANUAL DE ORGANIZACI\u00d3N DEL CONSEJO DIRECTIVO DEL IIES<\/strong>, A\u00d1O 2021<br>(Versi\u00f3n actualizada, aprobada el 29 de noviembre de 2021).<\/p>\n\n\n<div class=\"wp-block-image\">\n<figure class=\"aligncenter size-full is-resized\"><img decoding=\"async\" loading=\"lazy\" src=\"https:\/\/iies.usac.edu.gt\/wp-content\/uploads\/2025\/02\/Manual-de-Organizacion-del-Consejo-Directivo-del-IIES.png\" alt=\"\" class=\"wp-image-2099\" width=\"548\" height=\"626\" srcset=\"https:\/\/iies.usac.edu.gt\/wp-content\/uploads\/2025\/02\/Manual-de-Organizacion-del-Consejo-Directivo-del-IIES.png 730w, https:\/\/iies.usac.edu.gt\/wp-content\/uploads\/2025\/02\/Manual-de-Organizacion-del-Consejo-Directivo-del-IIES-263x300.png 263w\" sizes=\"(max-width: 548px) 100vw, 548px\" \/><\/figure><\/div>\n\n\n<div class=\"wp-block-buttons is-layout-flex\">\n<div class=\"wp-block-button\"><a class=\"wp-block-button__link has-white-color has-vivid-red-background-color has-text-color has-background wp-element-button\" href=\"https:\/\/iies.usac.edu.gt\/wp-content\/uploads\/2025\/02\/6.-Manual-de-Organizacion-del-Consejo-Directivo.pdf\" target=\"_blank\" rel=\"noreferrer noopener\">Descargar Manual en PDF<\/a><\/div>\n<\/div>\n","protected":false},"excerpt":{"rendered":"<p>MANUAL DE ORGANIZACI\u00d3N IIES, A\u00d1O 2021(Versi\u00f3n actualizada, aprobada el 29 de noviembre de 2021). MANUAL DE ORGANIZACI\u00d3N DEL CONSEJO DIRECTIVO DEL IIES, A\u00d1O 2021(Versi\u00f3n actualizada, aprobada el 29 de noviembre de 2021).<\/p>\n","protected":false},"author":2,"featured_media":0,"parent":0,"menu_order":0,"comment_status":"closed","ping_status":"closed","template":"","meta":[],"_links":{"self":[{"href":"https:\/\/iies.usac.edu.gt\/index.php\/wp-json\/wp\/v2\/pages\/1372"}],"collection":[{"href":"https:\/\/iies.usac.edu.gt\/index.php\/wp-json\/wp\/v2\/pages"}],"about":[{"href":"https:\/\/iies.usac.edu.gt\/index.php\/wp-json\/wp\/v2\/types\/page"}],"author":[{"embeddable":true,"href":"https:\/\/iies.usac.edu.gt\/index.php\/wp-json\/wp\/v2\/users\/2"}],"replies":[{"embeddable":true,"href":"https:\/\/iies.usac.edu.gt\/index.php\/wp-json\/wp\/v2\/comments?post=1372"}],"version-history":[{"count":12,"href":"https:\/\/iies.usac.edu.gt\/index.php\/wp-json\/wp\/v2\/pages\/1372\/revisions"}],"predecessor-version":[{"id":2125,"href":"https:\/\/iies.usac.edu.gt\/index.php\/wp-json\/wp\/v2\/pages\/1372\/revisions\/2125"}],"wp:attachment":[{"href":"https:\/\/iies.usac.edu.gt\/index.php\/wp-json\/wp\/v2\/media?parent=1372"}],"curies":[{"name":"wp","href":"https:\/\/api.w.org\/{rel}","templated":true}]}}