{"id":13,"date":"2020-03-09T16:21:37","date_gmt":"2020-03-09T16:21:37","guid":{"rendered":"http:\/\/c3.usac.edu.gt\/iies.usac.edu.gt\/public_html2\/?page_id=13"},"modified":"2026-03-13T21:55:14","modified_gmt":"2026-03-13T21:55:14","slug":"equipo-de-trabajo","status":"publish","type":"page","link":"https:\/\/iies.usac.edu.gt\/index.php\/equipo-de-trabajo\/","title":{"rendered":"Equipo de Trabajo"},"content":{"rendered":"\n<p class=\"has-very-light-gray-color has-text-color has-background\" style=\"background-color:#ff7f00\"><strong>CONSEJO DIRECTIVO<\/strong><\/p>\n\n\n\n<p>Dr. Byron Giovanni Mej\u00eda Victorio, decano en funciones<br>Lcda. Luz Mar\u00eda Urcuyo Mendoza<br>Lic. Byron Iv\u00e1n Contreras Pineda<\/p>\n\n\n\n<p class=\"has-very-light-gray-color has-text-color has-background\" style=\"background-color:#061e67\"><strong>DIRECTOR<\/strong><\/p>\n\n\n\n<p>Lic. Byron Iv\u00e1n Contreras Pineda<\/p>\n\n\n\n<p class=\"has-very-light-gray-color has-text-color has-background\" style=\"background-color:#ff7f00\"><strong>INVESTIGADORES<\/strong><\/p>\n\n\n\n<p>Lic. Miguel \u00c1ngel Castro P\u00e9rez<br>Lic. Franklin Roberto Valdez Cruz<br>Dra. Herlem Isol Reyes L\u00f3pez<br>Dr. Jorge V\u00edctor Murga Armas<br>Lic. Carlos Morales L\u00f3pez<br>Dr. Edgar Arturo Marroqu\u00edn L\u00f3pez<br>M. Sc. M\u00f3nica Floridalma Hidalgo Motta<br>M. Sc. Andrely Mael\u00ed Cisneros Flores<br>Lic. Carlos Enrique Solis Garc\u00eda<br>M. Sc. Marvin Geovanni Jaime Santos<\/p>\n\n\n\n<p class=\"has-very-light-gray-color has-text-color has-background\" style=\"background-color:#061e67\"><strong>AUXILIARES DE INVESTIGACI\u00d3N<\/strong><\/p>\n\n\n\n<p>Lcda. Laura Paola Batres Jim\u00e9nez<br>Mynor Francisco B\u00e1maca P\u00e9rez<br>Lcda. Stephany Fabiola Arag\u00f3n Bautista<\/p>\n\n\n\n<p class=\"has-very-light-gray-color has-text-color has-background\" style=\"background-color:#ff7f00\"><strong>PERSONAL ADMINISTRATIVO<\/strong><\/p>\n\n\n\n<p class=\"has-very-light-gray-background-color has-background\">SECRETARIAS<\/p>\n\n\n\n<p>Ana Corina Janet Canel Ich<\/p>\n\n\n\n<p class=\"has-very-light-gray-background-color has-background\">TESORERO<\/p>\n\n\n\n<p>Guillermo Borrayo Osuna<\/p>\n\n\n\n<p class=\"has-very-light-gray-background-color has-background\">ALMAC\u00c9N E INVENTARIO<\/p>\n\n\n\n<p>C\u00e9sar Augusto Matzul Morales<\/p>\n\n\n\n<p class=\"has-very-light-gray-background-color has-background\">TALLER DE REPRODUCCI\u00d3N<\/p>\n\n\n\n<p>Marlon Gadiel Vel\u00e1squez Escobar<br>Rolando Enrique Briones Garc\u00eda<\/p>\n\n\n\n<p class=\"has-very-light-gray-background-color has-background\">BIBLIOTECA<\/p>\n\n\n\n<p>H\u00e9ctor Mario Rosales De Le\u00f3n<\/p>\n\n\n\n<p class=\"has-very-light-gray-background-color has-background\">PUBLICACIONES <\/p>\n\n\n\n<p>Lcda. Loida Iris Herrara Gir\u00f3n<\/p>\n\n\n\n<p class=\"has-very-light-gray-background-color has-background\">MENSAJERO<\/p>\n\n\n\n<p>Idilberto Andalia Betancur<\/p>\n\n\n\n<p class=\"has-very-light-gray-background-color has-background\">AUXILIAR DE SERVICIO<\/p>\n\n\n\n<p>Evelia \u00c1vila Valiente de Estrada<\/p>\n","protected":false},"excerpt":{"rendered":"<p>CONSEJO DIRECTIVO Dr. Byron Giovanni Mej\u00eda Victorio, decano en funcionesLcda. Luz Mar\u00eda Urcuyo MendozaLic. Byron Iv\u00e1n Contreras Pineda DIRECTOR Lic. Byron Iv\u00e1n Contreras Pineda INVESTIGADORES Lic. Miguel \u00c1ngel Castro P\u00e9rezLic. Franklin Roberto Valdez CruzDra. Herlem Isol Reyes L\u00f3pezDr. Jorge V\u00edctor Murga ArmasLic. Carlos Morales L\u00f3pezDr. Edgar Arturo Marroqu\u00edn L\u00f3pezM. Sc. M\u00f3nica Floridalma Hidalgo MottaM. Sc. [&hellip;]<\/p>\n","protected":false},"author":1,"featured_media":0,"parent":0,"menu_order":0,"comment_status":"closed","ping_status":"closed","template":"","meta":[],"_links":{"self":[{"href":"https:\/\/iies.usac.edu.gt\/index.php\/wp-json\/wp\/v2\/pages\/13"}],"collection":[{"href":"https:\/\/iies.usac.edu.gt\/index.php\/wp-json\/wp\/v2\/pages"}],"about":[{"href":"https:\/\/iies.usac.edu.gt\/index.php\/wp-json\/wp\/v2\/types\/page"}],"author":[{"embeddable":true,"href":"https:\/\/iies.usac.edu.gt\/index.php\/wp-json\/wp\/v2\/users\/1"}],"replies":[{"embeddable":true,"href":"https:\/\/iies.usac.edu.gt\/index.php\/wp-json\/wp\/v2\/comments?post=13"}],"version-history":[{"count":31,"href":"https:\/\/iies.usac.edu.gt\/index.php\/wp-json\/wp\/v2\/pages\/13\/revisions"}],"predecessor-version":[{"id":2618,"href":"https:\/\/iies.usac.edu.gt\/index.php\/wp-json\/wp\/v2\/pages\/13\/revisions\/2618"}],"wp:attachment":[{"href":"https:\/\/iies.usac.edu.gt\/index.php\/wp-json\/wp\/v2\/media?parent=13"}],"curies":[{"name":"wp","href":"https:\/\/api.w.org\/{rel}","templated":true}]}}