{"id":11,"date":"2020-03-09T16:20:50","date_gmt":"2020-03-09T16:20:50","guid":{"rendered":"http:\/\/c3.usac.edu.gt\/iies.usac.edu.gt\/public_html2\/?page_id=11"},"modified":"2024-05-14T17:29:55","modified_gmt":"2024-05-14T17:29:55","slug":"quienes-somos","status":"publish","type":"page","link":"https:\/\/iies.usac.edu.gt\/index.php\/quienes-somos\/","title":{"rendered":"\u00bfQui\u00e9nes somos?"},"content":{"rendered":"\n<p class=\"has-medium-font-size\">El IIES es una instituci\u00f3n constituida en funci\u00f3n de los intereses sociales y econ\u00f3micos de la sociedad guatemalteca y de sus recursos naturales; manteniendo un nivel acad\u00e9mico, cient\u00edfico, cr\u00edtico y t\u00e9cnico en sus investigaciones, con el objetivo de contribuir al an\u00e1lisis de los problemas econ\u00f3micos y sociales del pa\u00eds y la propuesta de sus posibles soluciones. <\/p>\n\n\n\n<p class=\"has-very-light-gray-color has-text-color has-background has-medium-font-size\" style=\"background-color:#ff7f00\"><strong>CREACI\u00d3N DEL IIES<\/strong><\/p>\n\n\n\n<blockquote class=\"wp-block-quote\">\n<p class=\"has-medium-font-size\"><em>Seg\u00fan Acta n\u00famero 218, Punto 7\u00b0., sesi\u00f3n de la Junta Directiva de la Facultad de Ciencias Econ\u00f3micas del 16 de diciembre de 1958. CREACI\u00d3N DEL IIES.<\/em><\/p>\n<\/blockquote>\n\n\n<div class=\"wp-block-image\">\n<figure class=\"aligncenter size-full\"><img decoding=\"async\" loading=\"lazy\" width=\"465\" height=\"588\" src=\"https:\/\/iies.usac.edu.gt\/wp-content\/uploads\/2021\/03\/Reglamento-del-IIES-Guatemala-C.-A.-1959.png\" alt=\"\" class=\"wp-image-926\" srcset=\"https:\/\/iies.usac.edu.gt\/wp-content\/uploads\/2021\/03\/Reglamento-del-IIES-Guatemala-C.-A.-1959.png 465w, https:\/\/iies.usac.edu.gt\/wp-content\/uploads\/2021\/03\/Reglamento-del-IIES-Guatemala-C.-A.-1959-237x300.png 237w\" sizes=\"(max-width: 465px) 100vw, 465px\" \/><\/figure><\/div>\n\n\n<div class=\"wp-block-buttons is-layout-flex\">\n<div class=\"wp-block-button\"><a class=\"wp-block-button__link has-vivid-red-background-color has-background wp-element-button\" href=\"https:\/\/iies.usac.edu.gt\/wp-content\/uploads\/2021\/06\/Reglamento-del-Instituto-de-Investigaciones-Econ\u00f3micas-y-Sociales.pdf\" target=\"_blank\" rel=\"noreferrer noopener\">Descargar Reglamento del IIES<\/a><\/div>\n<\/div>\n\n\n\n<p class=\"has-very-light-gray-color has-text-color has-background has-medium-font-size\" style=\"background-color:#ff7f00\"><strong>INTEGRACI\u00d3N DEL IIES<\/strong><\/p>\n\n\n\n<p class=\"has-medium-font-size\">Est\u00e1 integrado por un Consejo Directivo, el Director, el Personal de Investigaci\u00f3n y el Personal Administrativo.<\/p>\n\n\n\n<p class=\"has-medium-font-size\">El Consejo Directivo del IIES est\u00e1 integrado por: El Decano de la Facultad de Ciencias Econ\u00f3micas como Presidente del Consejo, un delegado del Colegio de Profesionales de las Ciencias Econ\u00f3micas, un catedr\u00e1tico (profesor titular) de la Facultad de Ciencias Econ\u00f3micas, y el Director del Instituto.<\/p>\n\n\n\n<hr class=\"wp-block-separator has-css-opacity is-style-wide\"\/>\n\n\n\n<p class=\"has-very-dark-gray-color has-cyan-bluish-gray-background-color has-text-color has-background has-medium-font-size\"><strong>INVESTIGACI\u00d3N<\/strong><\/p>\n\n\n\n<p class=\"has-medium-font-size\">El IIES enfatiza su obligaci\u00f3n acad\u00e9mica e institucional de realizar sus investigaciones econ\u00f3micas y sociales de forma objetiva, cr\u00edtica y constructiva, con el fin primordial de identificar las causas y buscar e indicar alternativas de soluci\u00f3n a la problem\u00e1tica socioecon\u00f3mica y pol\u00edtica del pa\u00eds. <\/p>\n\n\n\n<p class=\"has-very-dark-gray-color has-cyan-bluish-gray-background-color has-text-color has-background has-medium-font-size\"><strong>ASESOR\u00cdA Y EXTENSI\u00d3N<\/strong><\/p>\n\n\n\n<ul class=\"has-medium-font-size\">\n<li>Asesora a las unidades y autoridades universitarias y facultativas, a estudiantes de diverso nivel universitario; as\u00ed como a las municipalidades, p\u00fablico en general e instituciones y entidades, p\u00fablicas o privadas, nacionales o extranjeras, que lo soliciten. <\/li>\n<\/ul>\n\n\n\n<ul class=\"has-medium-font-size\">\n<li>Complementar la labor docente de las escuelas facultativas mediante la divulgaci\u00f3n de conocimientos especializados sobre econom\u00eda, sociolog\u00eda, pol\u00edtica, finanzas p\u00fablicas, administraci\u00f3n de empresas, poblaci\u00f3n, econom\u00eda ambiental y otras disciplinas cient\u00edficas, a trav\u00e9s de cursillos, reuniones, paneles, conferencias y publicaciones impresas y digitales. <\/li>\n<\/ul>\n\n\n\n<hr class=\"wp-block-separator has-css-opacity is-style-wide\"\/>\n","protected":false},"excerpt":{"rendered":"<p>El IIES es una instituci\u00f3n constituida en funci\u00f3n de los intereses sociales y econ\u00f3micos de la sociedad guatemalteca y de sus recursos naturales; manteniendo un nivel acad\u00e9mico, cient\u00edfico, cr\u00edtico y t\u00e9cnico en sus investigaciones, con el objetivo de contribuir al an\u00e1lisis de los problemas econ\u00f3micos y sociales del pa\u00eds y la propuesta de sus posibles [&hellip;]<\/p>\n","protected":false},"author":1,"featured_media":0,"parent":0,"menu_order":0,"comment_status":"closed","ping_status":"closed","template":"","meta":[],"_links":{"self":[{"href":"https:\/\/iies.usac.edu.gt\/index.php\/wp-json\/wp\/v2\/pages\/11"}],"collection":[{"href":"https:\/\/iies.usac.edu.gt\/index.php\/wp-json\/wp\/v2\/pages"}],"about":[{"href":"https:\/\/iies.usac.edu.gt\/index.php\/wp-json\/wp\/v2\/types\/page"}],"author":[{"embeddable":true,"href":"https:\/\/iies.usac.edu.gt\/index.php\/wp-json\/wp\/v2\/users\/1"}],"replies":[{"embeddable":true,"href":"https:\/\/iies.usac.edu.gt\/index.php\/wp-json\/wp\/v2\/comments?post=11"}],"version-history":[{"count":10,"href":"https:\/\/iies.usac.edu.gt\/index.php\/wp-json\/wp\/v2\/pages\/11\/revisions"}],"predecessor-version":[{"id":1884,"href":"https:\/\/iies.usac.edu.gt\/index.php\/wp-json\/wp\/v2\/pages\/11\/revisions\/1884"}],"wp:attachment":[{"href":"https:\/\/iies.usac.edu.gt\/index.php\/wp-json\/wp\/v2\/media?parent=11"}],"curies":[{"name":"wp","href":"https:\/\/api.w.org\/{rel}","templated":true}]}}